{"id":3,"date":"2020-02-14T15:25:50","date_gmt":"2020-02-14T14:25:50","guid":{"rendered":"http:\/\/k8s.hosteur.net\/cms\/?page_id=3"},"modified":"2024-11-26T10:14:00","modified_gmt":"2024-11-26T09:14:00","slug":"politique-de-confidentialite","status":"publish","type":"page","link":"https:\/\/www.laicites.fr\/index.php\/politique-de-confidentialite\/","title":{"rendered":"Contact(s) &#038; gouvernance"},"content":{"rendered":"<div class=\"wp-block-image\">\n<figure class=\"aligncenter is-resized\"><img decoding=\"async\" src=\"http:\/\/unitedudroit.org\/wp-content\/uploads\/2016\/12\/CLUD.jpg\" alt=\"\" class=\"wp-image-42\" style=\"width:443px;height:199px\"\/><\/figure><\/div>\n\n\n<h1 class=\"wp-block-heading has-text-align-center has-vivid-red-color has-text-color\"><strong>Contact(s)<br>&amp; Mentions l\u00e9gales<\/strong><\/h1>\n\n\n\n<p class=\"has-text-align-center\"><strong>Vous \u00eates actuellement sur l&rsquo;un des sites <br>du <em>Collectif l\u2019Unit\u00e9 du Droit<\/em>.<\/strong><\/p>\n\n\n\n<p class=\"has-vivid-red-color has-text-color\"><strong>Au 09 d\u00e9cembre 2024, <\/strong><br>le propri\u00e9taire et l\u2019\u00e9diteur du site <a href=\"http:\/\/www.laicites.fr\" data-type=\"page\">laicites.fr<\/a> ainsi que du logotype ci-dessous <br>est <strong>Le Collectif l\u2019Unit\u00e9 du Droit<\/strong> (CLUD),<br>association d\u00e9clar\u00e9e en pr\u00e9fecture de la Vienne le 13 avril 2004<br><strong>dont le groupe LAIC-La\u00efcit\u00e9(s) est un atelier permanent.<\/strong><\/p>\n\n\n<div class=\"wp-block-image\">\n<figure class=\"aligncenter size-large is-resized\"><img loading=\"lazy\" decoding=\"async\" width=\"500\" height=\"700\" src=\"http:\/\/www.laicites.fr\/wp-content\/uploads\/2021\/04\/500700LOGOOFF01.bmp\" alt=\"\" class=\"wp-image-275\" style=\"width:278px;height:389px\" srcset=\"https:\/\/www.laicites.fr\/wp-content\/uploads\/2021\/04\/500700LOGOOFF01.bmp 500w, https:\/\/www.laicites.fr\/wp-content\/uploads\/2021\/04\/500700LOGOOFF01-214x300.jpg 214w, https:\/\/www.laicites.fr\/wp-content\/uploads\/2021\/04\/500700LOGOOFF01-43x60.jpg 43w\" sizes=\"auto, (max-width: 500px) 100vw, 500px\" \/><\/figure><\/div>\n\n\n<p>Le Collectif L&rsquo;Unit\u00e9 du Droit est d\u00e9clar\u00e9 comme suit :<br>cf. Journal Officiel de la R\u00e9publique du 29 mai 2004 (p. 2649)<br>num\u00e9ro pr\u00e9fectoral : W863004881<br>num\u00e9ro Siret : 820 555 183 00020.<\/p>\n\n\n\n<p>Le responsable de la publication et webmestre pour ce site<br>est M. le <a href=\"mailto:contact@unitedudroit.org\">Pr Mathieu TOUZEIL DIVINA<\/a><\/p>\n\n\n\n<p>Le Collectif et ses publications sont d\u00e9clar\u00e9es sous l\u2019<strong>ISSN&nbsp; 2116-0147<\/strong>.<\/p>\n\n\n\n<p>A terme, le groupe LAIC-La\u00efcit\u00e9(s) a vocation \u00e0 l&rsquo;autonomisation. <\/p>\n\n\n\n<p class=\"has-text-align-center has-vivid-red-color has-text-color\"><strong>Au 09 d\u00e9cembre 2024, il est dirig\u00e9 et anim\u00e9 par ses fondateurs, <\/strong><br><strong>les drs. C. Benelbaz &amp; M. Touzeil-Divina.<\/strong><br>Il est possible de les contacter par ce courriel d\u00e9di\u00e9 : <br><a href=\"mailto:LAIC.laicites@gmail.com\">LAIC.laicites@gmail.com<\/a><\/p>\n\n\n\n<figure class=\"wp-block-gallery has-nested-images columns-default is-cropped wp-block-gallery-1 is-layout-flex wp-block-gallery-is-layout-flex\">\n<figure class=\"wp-block-image size-large\"><img loading=\"lazy\" decoding=\"async\" width=\"500\" height=\"700\" data-id=\"350\" src=\"http:\/\/www.laicites.fr\/wp-content\/uploads\/2021\/04\/500700CB01.jpg\" alt=\"\" class=\"wp-image-350\" srcset=\"https:\/\/www.laicites.fr\/wp-content\/uploads\/2021\/04\/500700CB01.jpg 500w, https:\/\/www.laicites.fr\/wp-content\/uploads\/2021\/04\/500700CB01-214x300.jpg 214w, https:\/\/www.laicites.fr\/wp-content\/uploads\/2021\/04\/500700CB01-43x60.jpg 43w\" sizes=\"auto, (max-width: 500px) 100vw, 500px\" \/><figcaption class=\"wp-element-caption\">Cl\u00e9ment BENELBAZ, ma\u00eetre de conf\u00e9rences en droit public, Universit\u00e9 Savoie Mont-Blanc, Centre de recherche en Droit Antoine Favre, Collectif L\u2019Unit\u00e9 du Droit<\/figcaption><\/figure>\n\n\n\n<figure class=\"wp-block-image size-large\"><img loading=\"lazy\" decoding=\"async\" width=\"500\" height=\"700\" data-id=\"263\" src=\"http:\/\/www.laicites.fr\/wp-content\/uploads\/2021\/04\/500700MTD01.jpg\" alt=\"\" class=\"wp-image-263\" srcset=\"https:\/\/www.laicites.fr\/wp-content\/uploads\/2021\/04\/500700MTD01.jpg 500w, https:\/\/www.laicites.fr\/wp-content\/uploads\/2021\/04\/500700MTD01-214x300.jpg 214w, https:\/\/www.laicites.fr\/wp-content\/uploads\/2021\/04\/500700MTD01-43x60.jpg 43w\" sizes=\"auto, (max-width: 500px) 100vw, 500px\" \/><figcaption class=\"wp-element-caption\">Mathieu TOUZEIL-DIVINA, professeur de droit public \u00e0 l\u2019Universit\u00e9 Toulouse 1 Capitole, membre du Collectif L\u2019Unit\u00e9 du Droit, membre du LAIC-La\u00efcit\u00e9(s) [photo UT1 \u00a9]<\/figcaption><\/figure>\n<\/figure>\n\n\n\n<h1 class=\"wp-block-heading has-text-align-center has-vivid-red-color has-text-color\">Soutiens institutionnels<\/h1>\n\n\n\n<p>Le groupe LAIC-La\u00efcit\u00e9(s) se compose de membres individuels et de soutiens institutionnels. Afin d&rsquo;\u00eatre le plus transparent possible, le LAIC publie la liste exhaustive de ses soutiens afin de maintenir et de revendiquer son ind\u00e9pendance tout en indiquant (et en remerciant) toutes celles et tous ceux qui le soutiennent. <\/p>\n\n\n\n<p><strong><a href=\"http:\/\/www.laicites.fr\/index.php\/nos-membres\/\" data-type=\"page\" data-id=\"22\">La liste de nos membres (individuels) est publi\u00e9e ici. <\/a><\/strong><\/p>\n\n\n\n<p>Les soutiens institutionnels publics sont : <\/p>\n\n\n\n<ul class=\"wp-block-list\">\n<li>l&rsquo;<strong>Universit\u00e9 Toulouse 1 Capitole<\/strong> dont le pr. Touzeil-Divina est membre actif ; <\/li>\n\n\n\n<li>le <strong>Centre de Recherche en Droit<\/strong>, <strong>Antoine Favre (ea 4143) de l\u2019Universit\u00e9 Savoie Mont-Blanc <\/strong>dont le dr. Cl\u00e9ment Benelbaz est membre actif ; <\/li>\n<\/ul>\n\n\n\n<p>Les soutiens institutionnels priv\u00e9s sont : <\/p>\n\n\n\n<ul class=\"wp-block-list\">\n<li><strong>l&rsquo;association Collectif L&rsquo;Unit\u00e9 du Droit<\/strong> (pr\u00e9sent\u00e9e ci-dessus) qui h\u00e9berge en qualit\u00e9 d&rsquo;atelier permanent et ind\u00e9pendant le groupe LAIC-La\u00efcit\u00e9(s) et lui fournit un site internet, le d\u00e9p\u00f4t d&rsquo;un nom de domaine et son h\u00e9bergement en ligne ainsi qu&rsquo;un acc\u00e8s privil\u00e9gi\u00e9 \u00e0 sa communication tant externe qu&rsquo;interne ; <\/li>\n\n\n\n<li>le <strong>Journal du Droit Administratif<\/strong>, m\u00e9dia abritant la chronique La\u00efcit\u00e9(s) anim\u00e9e par les deux directeurs du LAIC-La\u00efcit\u00e9(s) ; <\/li>\n<\/ul>\n\n\n<div class=\"wp-block-image\">\n<figure class=\"aligncenter size-large is-resized\"><img loading=\"lazy\" decoding=\"async\" width=\"600\" height=\"169\" src=\"http:\/\/www.laicites.fr\/wp-content\/uploads\/2021\/04\/JDA600169LGT.jpg\" alt=\"\" class=\"wp-image-123\" style=\"width:478px;height:135px\" srcset=\"https:\/\/www.laicites.fr\/wp-content\/uploads\/2021\/04\/JDA600169LGT.jpg 600w, https:\/\/www.laicites.fr\/wp-content\/uploads\/2021\/04\/JDA600169LGT-300x85.jpg 300w, https:\/\/www.laicites.fr\/wp-content\/uploads\/2021\/04\/JDA600169LGT-595x169.jpg 595w, https:\/\/www.laicites.fr\/wp-content\/uploads\/2021\/04\/JDA600169LGT-213x60.jpg 213w\" sizes=\"auto, (max-width: 600px) 100vw, 600px\" \/><\/figure><\/div>\n\n<div class=\"wp-block-image\">\n<figure class=\"aligncenter size-large is-resized\"><img loading=\"lazy\" decoding=\"async\" width=\"1000\" height=\"450\" src=\"http:\/\/www.laicites.fr\/wp-content\/uploads\/2021\/04\/CLUD.jpg\" alt=\"\" class=\"wp-image-124\" style=\"width:506px;height:228px\" srcset=\"https:\/\/www.laicites.fr\/wp-content\/uploads\/2021\/04\/CLUD.jpg 1000w, https:\/\/www.laicites.fr\/wp-content\/uploads\/2021\/04\/CLUD-300x135.jpg 300w, https:\/\/www.laicites.fr\/wp-content\/uploads\/2021\/04\/CLUD-768x346.jpg 768w, https:\/\/www.laicites.fr\/wp-content\/uploads\/2021\/04\/CLUD-133x60.jpg 133w\" sizes=\"auto, (max-width: 1000px) 100vw, 1000px\" \/><\/figure><\/div>\n\n\n<h1 class=\"wp-block-heading has-text-align-center has-vivid-red-color has-text-color\">H\u00e9bergement <\/h1>\n\n\n\n<p>L\u2019h\u00e9bergeur du site est hosteur.com<\/p>\n\n\n\n<p>L\u2019article 34 de la loi n\u00b0&nbsp;78-17 du 6 janvier 1978 relative \u00e0 l\u2019informatique, aux fichiers et aux libert\u00e9s vous conf\u00e8re un <strong>droit<\/strong> d\u2019acc\u00e8s aux informations qui vous concernent. Si vous souhaitez une modification ou une suppression de ces informations, adressez-vous au webmestre.<br>Les fichiers r\u00e9sultants ne seront jamais transmis \u00e0 des tiers et ne feront jamais l\u2019objet d\u2019une commercialisation.<\/p>\n\n\n\n<p>Site internet non d\u00e9clar\u00e9 \u00e0 la CNIL et ce, en application de la D\u00e9lib\u00e9ration n\u00b0&nbsp;2010-229 du 10 juin 2010 dispensant de d\u00e9claration les traitements automatis\u00e9s de donn\u00e9es \u00e0 caract\u00e8re personnel mis en \u0153uvre par des organismes \u00e0 but non lucratif.<\/p>\n\n\n\n<p>Toute exploitation \u00e0 des fins commerciales est interdite. Conform\u00e9ment aux dispositions de l\u2019article L.122-5 alin\u00e9a 2 du Code de la Propri\u00e9t\u00e9 Intellectuelle, seules sont autoris\u00e9es les copies ou reproductions strictement r\u00e9serv\u00e9es \u00e0 l\u2019usage priv\u00e9 du copiste et non destin\u00e9es \u00e0 une utilisation collective.<br>Toute demande d\u2019autorisation pour quelque utilisation que ce soit doit \u00eatre adress\u00e9e au responsable de la publication.<\/p>\n\n\n\n<p>Les informations diffus\u00e9es n\u2019engagent pas la responsabilit\u00e9 des Universit\u00e9s et autres institutions publiques et priv\u00e9es dont les membres du CLUD sont membres.<\/p>\n\n\n\n<p>Nous vous remercions de signaler toute erreur ou omission.<\/p>\n\n\n\n<p>Des liens peuvent conduire l\u2019utilisateur vers d\u2019autres sites sur lesquels nous n\u2019avons aucun contr\u00f4le.<\/p>\n\n\n\n<h2 class=\"wp-block-heading has-vivid-red-color has-text-color\">Utilisation des donn\u00e9es personnelles collect\u00e9es<\/h2>\n\n\n\n<h3 class=\"wp-block-heading\">Commentaires<\/h3>\n\n\n\n<p>Quand vous laissez un commentaire sur notre site web, les donn\u00e9es inscrites dans le formulaire de commentaire, mais aussi votre adresse IP et l\u2019agent utilisateur de votre navigateur sont collect\u00e9s pour nous aider \u00e0 la d\u00e9tection des commentaires ind\u00e9sirables.<\/p>\n\n\n\n<p>Une cha\u00eene anonymis\u00e9e cr\u00e9\u00e9e \u00e0 partir de votre adresse de messagerie (\u00e9galement appel\u00e9e hash) peut \u00eatre envoy\u00e9e au service Gravatar pour v\u00e9rifier si vous utilisez ce dernier. Les clauses de confidentialit\u00e9 du service Gravatar sont disponibles ici&nbsp;: https:\/\/automattic.com\/privacy\/. Apr\u00e8s validation de votre commentaire, votre photo de profil sera visible publiquement \u00e0 cot\u00e9 de votre commentaire.<\/p>\n\n\n\n<h3 class=\"wp-block-heading\">Cookies<\/h3>\n\n\n\n<p>Si vous d\u00e9posez un commentaire sur notre site, il vous sera propos\u00e9 d\u2019enregistrer votre nom, adresse de messagerie et site web dans des cookies. C\u2019est uniquement pour votre confort afin de ne pas avoir \u00e0 saisir ces informations si vous d\u00e9posez un autre commentaire plus tard. Ces cookies expirent au bout d\u2019un an.<\/p>\n\n\n\n<p>Si vous vous rendez sur la page de connexion, un cookie temporaire sera cr\u00e9\u00e9 afin de d\u00e9terminer si votre navigateur accepte les cookies. Il ne contient pas de donn\u00e9es personnelles et sera supprim\u00e9 automatiquement \u00e0 la fermeture de votre navigateur.<\/p>\n\n\n\n<p>Lorsque vous vous connecterez, nous mettrons en place un certain nombre de cookies pour enregistrer vos informations de connexion et vos pr\u00e9f\u00e9rences d\u2019\u00e9cran. La dur\u00e9e de vie d\u2019un cookie de connexion est de deux jours, celle d\u2019un cookie d\u2019option d\u2019\u00e9cran est d\u2019un an. Si vous cochez \u00ab&nbsp;Se souvenir de moi&nbsp;\u00bb, votre cookie de connexion sera conserv\u00e9 pendant deux semaines. Si vous vous d\u00e9connectez de votre compte, le cookie de connexion sera effac\u00e9.<\/p>\n\n\n\n<p>En modifiant ou en publiant une publication, un cookie suppl\u00e9mentaire sera enregistr\u00e9 dans votre navigateur. Ce cookie ne comprend aucune donn\u00e9e personnelle. Il indique simplement l\u2019ID de la publication que vous venez de modifier. Il expire au bout d\u2019un jour.<\/p>\n\n\n\n<h3 class=\"wp-block-heading\">Contenu embarqu\u00e9 depuis d\u2019autres sites<\/h3>\n\n\n\n<p>Les articles de ce site peuvent inclure des contenus int\u00e9gr\u00e9s (par exemple des vid\u00e9os, images, articles\u2026). Le contenu int\u00e9gr\u00e9 depuis d\u2019autres sites se comporte de la m\u00eame mani\u00e8re que si le visiteur se rendait sur cet autre site.<\/p>\n\n\n\n<p>Ces sites web pourraient collecter des donn\u00e9es sur vous, utiliser des cookies, embarquer des outils de suivis tiers, suivre vos interactions avec ces contenus embarqu\u00e9s si vous disposez d\u2019un compte connect\u00e9 sur leur site web.<\/p>\n\n\n\n<h3 class=\"wp-block-heading\">Transmission de vos donn\u00e9es personnelles<\/h3>\n\n\n\n<p>Les commentaires des visiteurs peuvent \u00eatre v\u00e9rifi\u00e9s \u00e0 l\u2019aide d\u2019un service automatis\u00e9 de d\u00e9tection des commentaires ind\u00e9sirables.<\/p>\n","protected":false},"excerpt":{"rendered":"<p>Contact(s)&amp; Mentions l\u00e9gales Vous \u00eates actuellement sur l&rsquo;un des sites du Collectif l\u2019Unit\u00e9 du Droit. Au 09 d\u00e9cembre 2024, le propri\u00e9taire et l\u2019\u00e9diteur du site laicites.fr ainsi que du logotype ci-dessous est Le Collectif l\u2019Unit\u00e9 du Droit (CLUD),association d\u00e9clar\u00e9e en pr\u00e9fecture de la Vienne le 13 avril 2004dont le groupe LAIC-La\u00efcit\u00e9(s) est un atelier permanent. &hellip; <\/p>\n<p class=\"link-more\"><a href=\"https:\/\/www.laicites.fr\/index.php\/politique-de-confidentialite\/\" class=\"more-link\">Read More<span class=\"screen-reader-text\"> \u00ab\u00a0Contact(s) &#038; gouvernance\u00a0\u00bb<\/span><\/a><\/p>\n","protected":false},"author":2,"featured_media":0,"parent":0,"menu_order":0,"comment_status":"closed","ping_status":"closed","template":"","meta":{"footnotes":""},"class_list":["post-3","page","type-page","status-publish","hentry"],"_links":{"self":[{"href":"https:\/\/www.laicites.fr\/index.php\/wp-json\/wp\/v2\/pages\/3","targetHints":{"allow":["GET"]}}],"collection":[{"href":"https:\/\/www.laicites.fr\/index.php\/wp-json\/wp\/v2\/pages"}],"about":[{"href":"https:\/\/www.laicites.fr\/index.php\/wp-json\/wp\/v2\/types\/page"}],"author":[{"embeddable":true,"href":"https:\/\/www.laicites.fr\/index.php\/wp-json\/wp\/v2\/users\/2"}],"replies":[{"embeddable":true,"href":"https:\/\/www.laicites.fr\/index.php\/wp-json\/wp\/v2\/comments?post=3"}],"version-history":[{"count":13,"href":"https:\/\/www.laicites.fr\/index.php\/wp-json\/wp\/v2\/pages\/3\/revisions"}],"predecessor-version":[{"id":838,"href":"https:\/\/www.laicites.fr\/index.php\/wp-json\/wp\/v2\/pages\/3\/revisions\/838"}],"wp:attachment":[{"href":"https:\/\/www.laicites.fr\/index.php\/wp-json\/wp\/v2\/media?parent=3"}],"curies":[{"name":"wp","href":"https:\/\/api.w.org\/{rel}","templated":true}]}}